{"id":15944,"date":"2023-10-26T15:37:56","date_gmt":"2023-10-26T15:37:56","guid":{"rendered":"https:\/\/bali.rs\/?page_id=15944"},"modified":"2023-10-26T15:41:03","modified_gmt":"2023-10-26T15:41:03","slug":"unutrasnji-bazen","status":"publish","type":"page","link":"https:\/\/bali.rs\/en\/unutrasnji-bazen\/","title":{"rendered":"Indor pool"},"content":{"rendered":"<div data-elementor-type=\"wp-page\" data-elementor-id=\"15944\" class=\"elementor elementor-15944\">\n\t\t\t\t<div class=\"elementor-element elementor-element-66fead0 e-flex e-con-boxed wd-section-disabled e-con e-parent\" data-id=\"66fead0\" data-element_type=\"container\">\n\t\t\t\t\t<div class=\"e-con-inner\">\n\t\t<div class=\"elementor-element elementor-element-89cd8dc e-con-full e-flex wd-section-disabled e-con e-child\" data-id=\"89cd8dc\" data-element_type=\"container\">\n\t\t\t\t<div class=\"elementor-element elementor-element-701f257 elementor-widget elementor-widget-wd_text_block\" data-id=\"701f257\" data-element_type=\"widget\" data-widget_type=\"wd_text_block.default\">\n\t\t\t\t<div class=\"elementor-widget-container\">\n\t\t\t\t\t\t\t<div class=\"wd-text-block reset-last-child text-left\">\n\t\t\t\n\t\t\t<p>\u00a0Located on the ground floor of the accommodation, the indoor pool at Bali Colosseum Accommodation is one of the largest in Belgrade, with a total area of \u200b\u200b50 square meters and a depth of 1.60 meters. The pool is surrounded by comfortable loungers, perfect for refreshment with a large selection of cold drinks available in the bar of our accommodation.<\/p><p>The space around the pool is designed with carefully selected materials and decorations with the idea of \u200b\u200breflecting the refined style of our accommodation. Special materials as well as high-tech contents will leave a special impression on all guests. The modern design of the pool is perfectly integrated into the decor, which with its appearance resembles a cave, with its stalactites and stalagmites, making this space unique in Belgrade.<\/p><p>The water in the pool is ozonated, which provides multiple positive effects on the health of your skin, as well as the whole body. Ozonized, water destroys all bacteria and fungi, provides more oxygen in the tissue, increases the breakdown of harmful substances and rejuvenates the human body. Right next to the pool, there is also a jacuzzi, where you can enjoy a refreshing cold drink.<\/p><p>Not far from the pool is the Bali Colosseum Spa, which offers a wide range of treatments, therapies and massages. Even if you are not a guest of our accommodation, you can enjoy private dates in our Spa &amp; Wellness Center.<\/p><p>Privileged guests of our accommodation can enjoy a fantastic view of the beautiful garden of the accommodation, as well as refreshments with cold drinks and delicious food, while lounging by the outdoor pools. The surroundings of the outdoor pools are dotted with comfortable sun loungers and colorful parasols. For guests who want to enjoy a little more privacy, the garden also has fantastically decorated soybeans, characteristic of the beautiful beaches of the Indonesian island of Bali. Outdoor pools are available to all guests of our accommodation in the warmer months, completely free of charge.<\/p>\n\t\t\t\t\t<\/div>\n\t\t\t\t\t\t<\/div>\n\t\t\t\t<\/div>\n\t\t\t\t<\/div>\n\t\t<div class=\"elementor-element elementor-element-dfcd8e6 e-con-full e-flex wd-section-disabled e-con e-child\" data-id=\"dfcd8e6\" data-element_type=\"container\">\n\t\t\t\t<div class=\"elementor-element elementor-element-0cbfa2e elementor-widget elementor-widget-wd_image_or_svg\" data-id=\"0cbfa2e\" data-element_type=\"widget\" data-widget_type=\"wd_image_or_svg.default\">\n\t\t\t\t<div class=\"elementor-widget-container\">\n\t\t\t\t\t\n\t\t<div class=\"wd-image text-left\">\n\t\t\t\t\t\t\t\t<img fetchpriority=\"high\" decoding=\"async\" width=\"800\" height=\"1022\" src=\"https:\/\/bali.rs\/wp-content\/uploads\/2023\/10\/hotel-Bali-bazeni-6-800x1022-1.jpg\" class=\"attachment-full size-full\" alt=\"\" srcset=\"https:\/\/bali.rs\/wp-content\/uploads\/2023\/10\/hotel-Bali-bazeni-6-800x1022-1.jpg 800w, https:\/\/bali.rs\/wp-content\/uploads\/2023\/10\/hotel-Bali-bazeni-6-800x1022-1-430x549.jpg 430w, https:\/\/bali.rs\/wp-content\/uploads\/2023\/10\/hotel-Bali-bazeni-6-800x1022-1-150x192.jpg 150w, https:\/\/bali.rs\/wp-content\/uploads\/2023\/10\/hotel-Bali-bazeni-6-800x1022-1-700x894.jpg 700w, https:\/\/bali.rs\/wp-content\/uploads\/2023\/10\/hotel-Bali-bazeni-6-800x1022-1-235x300.jpg 235w, https:\/\/bali.rs\/wp-content\/uploads\/2023\/10\/hotel-Bali-bazeni-6-800x1022-1-626x800.jpg 626w, https:\/\/bali.rs\/wp-content\/uploads\/2023\/10\/hotel-Bali-bazeni-6-800x1022-1-768x981.jpg 768w\" sizes=\"(max-width: 800px) 100vw, 800px\" \/>\t\t\t\t\t<\/div>\n\n\t\t\t\t\t\t<\/div>\n\t\t\t\t<\/div>\n\t\t\t\t<\/div>\n\t\t\t\t\t<\/div>\n\t\t\t\t<\/div>\n\t\t<div class=\"elementor-element elementor-element-736f001 wd-section-stretch-content e-flex e-con-boxed e-con e-parent\" data-id=\"736f001\" data-element_type=\"container\">\n\t\t\t\t\t<div class=\"e-con-inner\">\n\t\t\t\t<div class=\"elementor-element elementor-element-dd14a43 elementor-widget elementor-widget-wd_images_gallery\" data-id=\"dd14a43\" data-element_type=\"widget\" data-widget_type=\"wd_images_gallery.default\">\n\t\t\t\t<div class=\"elementor-widget-container\">\n\t\t\t\t\t\t\t<div class=\"wd-images-gallery wd-justify-center wd-items-middle view-masonry photoswipe-images\" >\n\t\t\t<div class=\"gallery-images row wd-spacing-10\">\n\t\t\t\t\t\t\t\t\t\t\t\t\t\t<div class=\"wd-gallery-item  col-lg-4 col-md-4 col-12\">\n\t\t\t\t\t\t\t\t\t\t\t\t\t<a  href=\"https:\/\/bali.rs\/wp-content\/uploads\/2023\/10\/hotel-Bali-bazeni-6.jpg\"data-width=\"864\" data-height=\"1104\" data-index=\"1\" data-elementor-open-lightbox=\"no\">\n\t\t\t\t\t\t\n\t\t\t\t\t\t<img decoding=\"async\" src=\"https:\/\/bali.rs\/wp-content\/uploads\/2023\/10\/hotel-Bali-bazeni-6.jpg\"alt=\"hotel-Bali-bazeni-6\">\n\t\t\t\t\t\t\t\t\t\t\t\t\t<\/a>\n\t\t\t\t\t\t\t\t\t\t\t<\/div>\n\t\t\t\t\t\t\t\t\t\t\t\t\t\t\t<div class=\"wd-gallery-item  col-lg-4 col-md-4 col-12\">\n\t\t\t\t\t\t\t\t\t\t\t\t\t<a  href=\"https:\/\/bali.rs\/wp-content\/uploads\/2023\/10\/Indoor-pool-1.jpg\"data-width=\"864\" data-height=\"1104\" data-index=\"2\" data-elementor-open-lightbox=\"no\">\n\t\t\t\t\t\t\n\t\t\t\t\t\t<img decoding=\"async\" src=\"https:\/\/bali.rs\/wp-content\/uploads\/2023\/10\/Indoor-pool-1.jpg\"alt=\"Indoor-pool-1\">\n\t\t\t\t\t\t\t\t\t\t\t\t\t<\/a>\n\t\t\t\t\t\t\t\t\t\t\t<\/div>\n\t\t\t\t\t\t\t\t\t\t\t\t\t\t\t<div class=\"wd-gallery-item  col-lg-4 col-md-4 col-12\">\n\t\t\t\t\t\t\t\t\t\t\t\t\t<a  href=\"https:\/\/bali.rs\/wp-content\/uploads\/2023\/10\/Indoor-pool-2.jpg\"data-width=\"960\" data-height=\"363\" data-index=\"3\" data-elementor-open-lightbox=\"no\">\n\t\t\t\t\t\t\n\t\t\t\t\t\t<img decoding=\"async\" src=\"https:\/\/bali.rs\/wp-content\/uploads\/2023\/10\/Indoor-pool-2.jpg\"alt=\"Indoor-pool-2\">\n\t\t\t\t\t\t\t\t\t\t\t\t\t<\/a>\n\t\t\t\t\t\t\t\t\t\t\t<\/div>\n\t\t\t\t\t\t\t\t\t\t\t\t\t\t\t<div class=\"wd-gallery-item  col-lg-4 col-md-4 col-12\">\n\t\t\t\t\t\t\t\t\t\t\t\t\t<a  href=\"https:\/\/bali.rs\/wp-content\/uploads\/2023\/10\/Indoor-pool-3.jpg\"data-width=\"1296\" data-height=\"864\" data-index=\"4\" data-elementor-open-lightbox=\"no\">\n\t\t\t\t\t\t\n\t\t\t\t\t\t<img decoding=\"async\" src=\"https:\/\/bali.rs\/wp-content\/uploads\/2023\/10\/Indoor-pool-3.jpg\"alt=\"Indoor-pool-3\">\n\t\t\t\t\t\t\t\t\t\t\t\t\t<\/a>\n\t\t\t\t\t\t\t\t\t\t\t<\/div>\n\t\t\t\t\t\t\t\t\t\t\t\t\t\t\t<div class=\"wd-gallery-item  col-lg-4 col-md-4 col-12\">\n\t\t\t\t\t\t\t\t\t\t\t\t\t<a  href=\"https:\/\/bali.rs\/wp-content\/uploads\/2023\/10\/Indoor-pool-4.jpg\"data-width=\"1296\" data-height=\"864\" data-index=\"5\" data-elementor-open-lightbox=\"no\">\n\t\t\t\t\t\t\n\t\t\t\t\t\t<img decoding=\"async\" src=\"https:\/\/bali.rs\/wp-content\/uploads\/2023\/10\/Indoor-pool-4.jpg\"alt=\"Indoor-pool-4\">\n\t\t\t\t\t\t\t\t\t\t\t\t\t<\/a>\n\t\t\t\t\t\t\t\t\t\t\t<\/div>\n\t\t\t\t\t\t\t\t\t\t\t\t\t\t\t<div class=\"wd-gallery-item  col-lg-4 col-md-4 col-12\">\n\t\t\t\t\t\t\t\t\t\t\t\t\t<a  href=\"https:\/\/bali.rs\/wp-content\/uploads\/2023\/10\/Indoor-pool-5.jpg\"data-width=\"1296\" data-height=\"864\" data-index=\"6\" data-elementor-open-lightbox=\"no\">\n\t\t\t\t\t\t\n\t\t\t\t\t\t<img decoding=\"async\" src=\"https:\/\/bali.rs\/wp-content\/uploads\/2023\/10\/Indoor-pool-5.jpg\"alt=\"Indoor-pool-5\">\n\t\t\t\t\t\t\t\t\t\t\t\t\t<\/a>\n\t\t\t\t\t\t\t\t\t\t\t<\/div>\n\t\t\t\t\t\t\t\t\t\t\t\t\t\t\t<div class=\"wd-gallery-item  col-lg-4 col-md-4 col-12\">\n\t\t\t\t\t\t\t\t\t\t\t\t\t<a  href=\"https:\/\/bali.rs\/wp-content\/uploads\/2023\/10\/Indoor-pool-6.jpg\"data-width=\"1228\" data-height=\"708\" data-index=\"7\" data-elementor-open-lightbox=\"no\">\n\t\t\t\t\t\t\n\t\t\t\t\t\t<img decoding=\"async\" src=\"https:\/\/bali.rs\/wp-content\/uploads\/2023\/10\/Indoor-pool-6.jpg\"alt=\"Indoor-pool-6\">\n\t\t\t\t\t\t\t\t\t\t\t\t\t<\/a>\n\t\t\t\t\t\t\t\t\t\t\t<\/div>\n\t\t\t\t\t\t\t\t\t\t\t\t\t\t\t<div class=\"wd-gallery-item  col-lg-4 col-md-4 col-12\">\n\t\t\t\t\t\t\t\t\t\t\t\t\t<a  href=\"https:\/\/bali.rs\/wp-content\/uploads\/2023\/10\/Indoor-pool-7.jpg\"data-width=\"1228\" data-height=\"708\" data-index=\"8\" data-elementor-open-lightbox=\"no\">\n\t\t\t\t\t\t\n\t\t\t\t\t\t<img decoding=\"async\" src=\"https:\/\/bali.rs\/wp-content\/uploads\/2023\/10\/Indoor-pool-7.jpg\"alt=\"Indoor-pool-7\">\n\t\t\t\t\t\t\t\t\t\t\t\t\t<\/a>\n\t\t\t\t\t\t\t\t\t\t\t<\/div>\n\t\t\t\t\t\t\t\t\t\t\t\t\t\t\t<div class=\"wd-gallery-item  col-lg-4 col-md-4 col-12\">\n\t\t\t\t\t\t\t\t\t\t\t\t\t<a  href=\"https:\/\/bali.rs\/wp-content\/uploads\/2023\/10\/Indoor-pool-8.jpg\"data-width=\"864\" data-height=\"1104\" data-index=\"9\" data-elementor-open-lightbox=\"no\">\n\t\t\t\t\t\t\n\t\t\t\t\t\t<img decoding=\"async\" src=\"https:\/\/bali.rs\/wp-content\/uploads\/2023\/10\/Indoor-pool-8.jpg\"alt=\"Indoor-pool-8\">\n\t\t\t\t\t\t\t\t\t\t\t\t\t<\/a>\n\t\t\t\t\t\t\t\t\t\t\t<\/div>\n\t\t\t\t\t\t\t\t\t\t\t\t\t\t\t<div class=\"wd-gallery-item  col-lg-4 col-md-4 col-12\">\n\t\t\t\t\t\t\t\t\t\t\t\t\t<a  href=\"https:\/\/bali.rs\/wp-content\/uploads\/2023\/10\/Indoor-pool-9.jpg\"data-width=\"864\" data-height=\"1104\" data-index=\"10\" data-elementor-open-lightbox=\"no\">\n\t\t\t\t\t\t\n\t\t\t\t\t\t<img decoding=\"async\" src=\"https:\/\/bali.rs\/wp-content\/uploads\/2023\/10\/Indoor-pool-9.jpg\"alt=\"Indoor-pool-9\">\n\t\t\t\t\t\t\t\t\t\t\t\t\t<\/a>\n\t\t\t\t\t\t\t\t\t\t\t<\/div>\n\t\t\t\t\t\t\t\t\t\t\t\t\t\t\t<div class=\"wd-gallery-item  col-lg-4 col-md-4 col-12\">\n\t\t\t\t\t\t\t\t\t\t\t\t\t<a  href=\"https:\/\/bali.rs\/wp-content\/uploads\/2023\/10\/hotel-Bali-bazeni-6-800x1022-1.jpg\"data-width=\"800\" data-height=\"1022\" data-index=\"11\" data-elementor-open-lightbox=\"no\">\n\t\t\t\t\t\t\n\t\t\t\t\t\t<img decoding=\"async\" src=\"https:\/\/bali.rs\/wp-content\/uploads\/2023\/10\/hotel-Bali-bazeni-6-800x1022-1.jpg\"alt=\"hotel-Bali-bazeni-6-800x1022\">\n\t\t\t\t\t\t\t\t\t\t\t\t\t<\/a>\n\t\t\t\t\t\t\t\t\t\t\t<\/div>\n\t\t\t\t\t\t\t\t<\/div>\n\t\t<\/div>\n\t\t\t\t\t\t<\/div>\n\t\t\t\t<\/div>\n\t\t\t\t\t<\/div>\n\t\t\t\t<\/div>\n\t\t\t\t<\/div>","protected":false},"excerpt":{"rendered":"<p>\u00a0Sme\u0161ten u prizemlju sme\u0161taja , unutra\u0161nji bazen u Bali Colosseum sme\u0161taju jedan je od najve\u0107ih u Beogradu, ukupne povr\u0161ine od<\/p>","protected":false},"author":1,"featured_media":0,"parent":0,"menu_order":0,"comment_status":"closed","ping_status":"closed","template":"elementor_header_footer","meta":{"footnotes":""},"class_list":["post-15944","page","type-page","status-publish","hentry"],"_links":{"self":[{"href":"https:\/\/bali.rs\/en\/wp-json\/wp\/v2\/pages\/15944","targetHints":{"allow":["GET"]}}],"collection":[{"href":"https:\/\/bali.rs\/en\/wp-json\/wp\/v2\/pages"}],"about":[{"href":"https:\/\/bali.rs\/en\/wp-json\/wp\/v2\/types\/page"}],"author":[{"embeddable":true,"href":"https:\/\/bali.rs\/en\/wp-json\/wp\/v2\/users\/1"}],"replies":[{"embeddable":true,"href":"https:\/\/bali.rs\/en\/wp-json\/wp\/v2\/comments?post=15944"}],"version-history":[{"count":7,"href":"https:\/\/bali.rs\/en\/wp-json\/wp\/v2\/pages\/15944\/revisions"}],"predecessor-version":[{"id":15963,"href":"https:\/\/bali.rs\/en\/wp-json\/wp\/v2\/pages\/15944\/revisions\/15963"}],"wp:attachment":[{"href":"https:\/\/bali.rs\/en\/wp-json\/wp\/v2\/media?parent=15944"}],"curies":[{"name":"wp","href":"https:\/\/api.w.org\/{rel}","templated":true}]}}